{"id":1145,"date":"2022-04-26T15:29:14","date_gmt":"2022-04-26T13:29:14","guid":{"rendered":"https:\/\/www.ardent-group.com\/?page_id=1145"},"modified":"2026-02-17T14:07:25","modified_gmt":"2026-02-17T13:07:25","slug":"a-propos-des-prix-ardent","status":"publish","type":"page","link":"https:\/\/www.ardent-group.com\/fr\/prix-ardent\/a-propos-des-prix-ardent\/","title":{"rendered":"A propos des <span>Prix Ardent<\/span>"},"content":{"rendered":"<h2>Les Prix Ardent, porteurs de projets locaux ambitieux<\/h2>\n<p>Depuis 2016, Ardent Group organise les Prix Ardent pour soutenir et <strong>r\u00e9compenser des projets<\/strong> qui r\u00e9pondent \u00e0 des probl\u00e9matiques soci\u00e9tales actuelles, telles que le handicap, l\u2019enfance ou encore l\u2019int\u00e9gration. Chaque ann\u00e9e, 5 associations de la r\u00e9gion li\u00e9geoise sont \u00e9lues par un jury et re\u00e7oivent une <strong>bourse de 10.000 \u20ac<\/strong> pour r\u00e9aliser le projet qui leur tient \u00e0 c\u0153ur.<\/p>\n","protected":false},"excerpt":{"rendered":"<p>Les Prix Ardent, porteurs de projets locaux ambitieux Depuis 2016, Ardent Group organise les Prix Ardent pour soutenir et r\u00e9compenser [&hellip;]<\/p>\n","protected":false},"author":1,"featured_media":2238,"parent":507,"menu_order":17,"comment_status":"closed","ping_status":"closed","template":"","meta":{"_acf_changed":false,"footnotes":""},"class_list":["post-1145","page","type-page","status-publish","has-post-thumbnail","hentry"],"acf":[],"_links":{"self":[{"href":"https:\/\/www.ardent-group.com\/fr\/wp-json\/wp\/v2\/pages\/1145","targetHints":{"allow":["GET"]}}],"collection":[{"href":"https:\/\/www.ardent-group.com\/fr\/wp-json\/wp\/v2\/pages"}],"about":[{"href":"https:\/\/www.ardent-group.com\/fr\/wp-json\/wp\/v2\/types\/page"}],"author":[{"embeddable":true,"href":"https:\/\/www.ardent-group.com\/fr\/wp-json\/wp\/v2\/users\/1"}],"replies":[{"embeddable":true,"href":"https:\/\/www.ardent-group.com\/fr\/wp-json\/wp\/v2\/comments?post=1145"}],"version-history":[{"count":12,"href":"https:\/\/www.ardent-group.com\/fr\/wp-json\/wp\/v2\/pages\/1145\/revisions"}],"predecessor-version":[{"id":3173,"href":"https:\/\/www.ardent-group.com\/fr\/wp-json\/wp\/v2\/pages\/1145\/revisions\/3173"}],"up":[{"embeddable":true,"href":"https:\/\/www.ardent-group.com\/fr\/wp-json\/wp\/v2\/pages\/507"}],"wp:featuredmedia":[{"embeddable":true,"href":"https:\/\/www.ardent-group.com\/fr\/wp-json\/wp\/v2\/media\/2238"}],"wp:attachment":[{"href":"https:\/\/www.ardent-group.com\/fr\/wp-json\/wp\/v2\/media?parent=1145"}],"curies":[{"name":"wp","href":"https:\/\/api.w.org\/{rel}","templated":true}]}}