{"id":1152,"date":"2022-04-26T15:32:45","date_gmt":"2022-04-26T13:32:45","guid":{"rendered":"https:\/\/www.ardent-group.com\/?page_id=1152"},"modified":"2025-06-30T16:00:55","modified_gmt":"2025-06-30T14:00:55","slug":"laureats","status":"publish","type":"page","link":"https:\/\/www.ardent-group.com\/fr\/prix-ardent\/laureats\/","title":{"rendered":"Les <span>laur\u00e9ats<\/span>"},"content":{"rendered":"<p>Chaque ann\u00e9e, les Prix Ardent sont port\u00e9s par des associations et des communes exceptionnelles. Chacune a une vocation bien particuli\u00e8re, mais toutes sont anim\u00e9es par la m\u00eame ambition : l\u2019envie de donner pour les autres. Leurs diff\u00e9rents projets, par leur originalit\u00e9 et leur pertinence, ont su faire la diff\u00e9rence aupr\u00e8s du public et du jury.<br \/>\nBravo \u00e0 toutes les associations et communes laur\u00e9ates et merci de faire briller les Prix Ardent \u00e0 chaque \u00e9dition\u00a0!<\/p>\n","protected":false},"excerpt":{"rendered":"<p>Chaque ann\u00e9e, les Prix Ardent sont port\u00e9s par des associations et des communes exceptionnelles. Chacune a une vocation bien particuli\u00e8re, [&hellip;]<\/p>\n","protected":false},"author":1,"featured_media":0,"parent":507,"menu_order":39,"comment_status":"closed","ping_status":"closed","template":"template-page\/laureates.php","meta":{"_acf_changed":false,"footnotes":""},"class_list":["post-1152","page","type-page","status-publish","hentry"],"acf":[],"_links":{"self":[{"href":"https:\/\/www.ardent-group.com\/fr\/wp-json\/wp\/v2\/pages\/1152","targetHints":{"allow":["GET"]}}],"collection":[{"href":"https:\/\/www.ardent-group.com\/fr\/wp-json\/wp\/v2\/pages"}],"about":[{"href":"https:\/\/www.ardent-group.com\/fr\/wp-json\/wp\/v2\/types\/page"}],"author":[{"embeddable":true,"href":"https:\/\/www.ardent-group.com\/fr\/wp-json\/wp\/v2\/users\/1"}],"replies":[{"embeddable":true,"href":"https:\/\/www.ardent-group.com\/fr\/wp-json\/wp\/v2\/comments?post=1152"}],"version-history":[{"count":10,"href":"https:\/\/www.ardent-group.com\/fr\/wp-json\/wp\/v2\/pages\/1152\/revisions"}],"predecessor-version":[{"id":3105,"href":"https:\/\/www.ardent-group.com\/fr\/wp-json\/wp\/v2\/pages\/1152\/revisions\/3105"}],"up":[{"embeddable":true,"href":"https:\/\/www.ardent-group.com\/fr\/wp-json\/wp\/v2\/pages\/507"}],"wp:attachment":[{"href":"https:\/\/www.ardent-group.com\/fr\/wp-json\/wp\/v2\/media?parent=1152"}],"curies":[{"name":"wp","href":"https:\/\/api.w.org\/{rel}","templated":true}]}}