{"id":1154,"date":"2022-04-26T15:33:54","date_gmt":"2022-04-26T13:33:54","guid":{"rendered":"https:\/\/www.ardent-group.com\/?page_id=1154"},"modified":"2022-06-23T15:32:25","modified_gmt":"2022-06-23T13:32:25","slug":"contact","status":"publish","type":"page","link":"https:\/\/www.ardent-group.com\/fr\/prix-ardent\/contact\/","title":{"rendered":"<span>Contactez-nous !<\/span>"},"content":{"rendered":"<h2>Une question sur les Prix Ardent ?<\/h2>\n<p><span style=\"font-weight: 400;\">Cristel Stauffer, gestionnaire des Prix Ardent, est \u00e0 votre disposition pour vous r\u00e9pondre par t\u00e9l\u00e9phone au 0496\/29.44.18, par e-mail \u00e0 l\u2019adresse <a class='clic-email-convert' href='' data-email='Y3Jpc3RlbEBwcml4LWFyZGVudC5vcmc='>Click here to reveal e-mail<\/a>. Vous pouvez \u00e9galement nous contacter et poser vos questions par l\u2019interm\u00e9diaire du formulaire ci-dessous.<\/span><\/p>\n","protected":false},"excerpt":{"rendered":"<p>Une question sur les Prix Ardent ? Cristel Stauffer, gestionnaire des Prix Ardent, est \u00e0 votre disposition pour vous r\u00e9pondre [&hellip;]<\/p>\n","protected":false},"author":1,"featured_media":0,"parent":507,"menu_order":33,"comment_status":"closed","ping_status":"closed","template":"template-page\/contact.php","meta":{"_acf_changed":false,"footnotes":""},"class_list":["post-1154","page","type-page","status-publish","hentry"],"acf":[],"_links":{"self":[{"href":"https:\/\/www.ardent-group.com\/fr\/wp-json\/wp\/v2\/pages\/1154","targetHints":{"allow":["GET"]}}],"collection":[{"href":"https:\/\/www.ardent-group.com\/fr\/wp-json\/wp\/v2\/pages"}],"about":[{"href":"https:\/\/www.ardent-group.com\/fr\/wp-json\/wp\/v2\/types\/page"}],"author":[{"embeddable":true,"href":"https:\/\/www.ardent-group.com\/fr\/wp-json\/wp\/v2\/users\/1"}],"replies":[{"embeddable":true,"href":"https:\/\/www.ardent-group.com\/fr\/wp-json\/wp\/v2\/comments?post=1154"}],"version-history":[{"count":9,"href":"https:\/\/www.ardent-group.com\/fr\/wp-json\/wp\/v2\/pages\/1154\/revisions"}],"predecessor-version":[{"id":1673,"href":"https:\/\/www.ardent-group.com\/fr\/wp-json\/wp\/v2\/pages\/1154\/revisions\/1673"}],"up":[{"embeddable":true,"href":"https:\/\/www.ardent-group.com\/fr\/wp-json\/wp\/v2\/pages\/507"}],"wp:attachment":[{"href":"https:\/\/www.ardent-group.com\/fr\/wp-json\/wp\/v2\/media?parent=1154"}],"curies":[{"name":"wp","href":"https:\/\/api.w.org\/{rel}","templated":true}]}}