{"id":471,"date":"2021-06-24T14:30:54","date_gmt":"2021-06-24T12:30:54","guid":{"rendered":"https:\/\/www.ardent-group.com\/contact\/"},"modified":"2021-08-09T11:16:09","modified_gmt":"2021-08-09T09:16:09","slug":"contact","status":"publish","type":"page","link":"https:\/\/www.ardent-group.com\/fr\/contact\/","title":{"rendered":"<span>Contactez-nous !<\/span>"},"content":{"rendered":"<p>Vous avez une question\u00a0? Nous sommes toujours disponibles pour r\u00e9pondre \u00e0 toutes vos questions par t\u00e9l\u00e9phone ou via ce formulaire de contact.<\/p>\n","protected":false},"excerpt":{"rendered":"<p>Vous avez une question\u00a0? Nous sommes toujours disponibles pour r\u00e9pondre \u00e0 toutes vos questions par t\u00e9l\u00e9phone ou via ce formulaire [&hellip;]<\/p>\n","protected":false},"author":1,"featured_media":667,"parent":0,"menu_order":4,"comment_status":"closed","ping_status":"closed","template":"template-page\/contact.php","meta":{"_acf_changed":false,"footnotes":""},"class_list":["post-471","page","type-page","status-publish","has-post-thumbnail","hentry"],"acf":[],"_links":{"self":[{"href":"https:\/\/www.ardent-group.com\/fr\/wp-json\/wp\/v2\/pages\/471","targetHints":{"allow":["GET"]}}],"collection":[{"href":"https:\/\/www.ardent-group.com\/fr\/wp-json\/wp\/v2\/pages"}],"about":[{"href":"https:\/\/www.ardent-group.com\/fr\/wp-json\/wp\/v2\/types\/page"}],"author":[{"embeddable":true,"href":"https:\/\/www.ardent-group.com\/fr\/wp-json\/wp\/v2\/users\/1"}],"replies":[{"embeddable":true,"href":"https:\/\/www.ardent-group.com\/fr\/wp-json\/wp\/v2\/comments?post=471"}],"version-history":[{"count":0,"href":"https:\/\/www.ardent-group.com\/fr\/wp-json\/wp\/v2\/pages\/471\/revisions"}],"wp:featuredmedia":[{"embeddable":true,"href":"https:\/\/www.ardent-group.com\/fr\/wp-json\/wp\/v2\/media\/667"}],"wp:attachment":[{"href":"https:\/\/www.ardent-group.com\/fr\/wp-json\/wp\/v2\/media?parent=471"}],"curies":[{"name":"wp","href":"https:\/\/api.w.org\/{rel}","templated":true}]}}