{"id":477,"date":"2021-06-24T14:30:43","date_gmt":"2021-06-24T12:30:43","guid":{"rendered":"https:\/\/www.ardent-group.com\/jobs\/"},"modified":"2022-02-03T09:31:36","modified_gmt":"2022-02-03T08:31:36","slug":"jobs","status":"publish","type":"page","link":"https:\/\/www.ardent-group.com\/fr\/jobs\/","title":{"rendered":"Ardent Group <span>recrute !<\/span>"},"content":{"rendered":"<p>Envie de travailler au sein d\u2019une \u00e9quipe dynamique dans un groupe solide en pleine croissance ? Vous vous retrouvez dans nos valeurs de solidit\u00e9, proximit\u00e9, loyaut\u00e9 et curiosit\u00e9 ?<\/p>\n","protected":false},"excerpt":{"rendered":"<p>Envie de travailler au sein d\u2019une \u00e9quipe dynamique dans un groupe solide en pleine croissance ? Vous vous retrouvez dans [&hellip;]<\/p>\n","protected":false},"author":1,"featured_media":991,"parent":0,"menu_order":9,"comment_status":"closed","ping_status":"closed","template":"","meta":{"_acf_changed":false,"footnotes":""},"class_list":["post-477","page","type-page","status-publish","has-post-thumbnail","hentry"],"acf":[],"_links":{"self":[{"href":"https:\/\/www.ardent-group.com\/fr\/wp-json\/wp\/v2\/pages\/477","targetHints":{"allow":["GET"]}}],"collection":[{"href":"https:\/\/www.ardent-group.com\/fr\/wp-json\/wp\/v2\/pages"}],"about":[{"href":"https:\/\/www.ardent-group.com\/fr\/wp-json\/wp\/v2\/types\/page"}],"author":[{"embeddable":true,"href":"https:\/\/www.ardent-group.com\/fr\/wp-json\/wp\/v2\/users\/1"}],"replies":[{"embeddable":true,"href":"https:\/\/www.ardent-group.com\/fr\/wp-json\/wp\/v2\/comments?post=477"}],"version-history":[{"count":2,"href":"https:\/\/www.ardent-group.com\/fr\/wp-json\/wp\/v2\/pages\/477\/revisions"}],"predecessor-version":[{"id":1140,"href":"https:\/\/www.ardent-group.com\/fr\/wp-json\/wp\/v2\/pages\/477\/revisions\/1140"}],"wp:featuredmedia":[{"embeddable":true,"href":"https:\/\/www.ardent-group.com\/fr\/wp-json\/wp\/v2\/media\/991"}],"wp:attachment":[{"href":"https:\/\/www.ardent-group.com\/fr\/wp-json\/wp\/v2\/media?parent=477"}],"curies":[{"name":"wp","href":"https:\/\/api.w.org\/{rel}","templated":true}]}}