{"id":507,"date":"2021-07-15T16:13:18","date_gmt":"2021-07-15T14:13:18","guid":{"rendered":"https:\/\/www.ardent-group.com\/prix-ardent\/"},"modified":"2024-02-07T15:26:16","modified_gmt":"2024-02-07T14:26:16","slug":"prix-ardent","status":"publish","type":"page","link":"https:\/\/www.ardent-group.com\/fr\/prix-ardent\/","title":{"rendered":"Les Prix Ardent, porteurs <span>de&nbsp;projets locaux ambitieux<\/span>"},"content":{"rendered":"<p>Depuis 2016, <strong>Ardent Group<\/strong> organise les <strong>Prix Ardent<\/strong> pour soutenir et r\u00e9compenser des projets qui r\u00e9pondent \u00e0 des probl\u00e9matiques soci\u00e9tales actuelles, telles que le handicap, l\u2019enfance ou encore l\u2019int\u00e9gration. Chaque ann\u00e9e, <strong>5 associations de la r\u00e9gion li\u00e9geoise<\/strong> sont \u00e9lues par un jury et re\u00e7oivent une bourse de 10.000 \u20ac pour r\u00e9aliser le projet qui leur tient \u00e0 c\u0153ur.<\/p>\n<p><a class=\"btn intraScroll\" href=\"#septiemeedition\"><span class=\"keep\">Participez \u00e0 la 7<sup>e<\/sup> \u00e9dition<\/span><\/a><\/p>\n","protected":false},"excerpt":{"rendered":"<p>Depuis 2016, Ardent Group organise les Prix Ardent pour soutenir et r\u00e9compenser des projets qui r\u00e9pondent \u00e0 des probl\u00e9matiques soci\u00e9tales [&hellip;]<\/p>\n","protected":false},"author":1,"featured_media":2241,"parent":0,"menu_order":49,"comment_status":"closed","ping_status":"closed","template":"template-page\/ardent-awards.php","meta":{"_acf_changed":false,"footnotes":""},"class_list":["post-507","page","type-page","status-publish","has-post-thumbnail","hentry"],"acf":[],"_links":{"self":[{"href":"https:\/\/www.ardent-group.com\/fr\/wp-json\/wp\/v2\/pages\/507","targetHints":{"allow":["GET"]}}],"collection":[{"href":"https:\/\/www.ardent-group.com\/fr\/wp-json\/wp\/v2\/pages"}],"about":[{"href":"https:\/\/www.ardent-group.com\/fr\/wp-json\/wp\/v2\/types\/page"}],"author":[{"embeddable":true,"href":"https:\/\/www.ardent-group.com\/fr\/wp-json\/wp\/v2\/users\/1"}],"replies":[{"embeddable":true,"href":"https:\/\/www.ardent-group.com\/fr\/wp-json\/wp\/v2\/comments?post=507"}],"version-history":[{"count":10,"href":"https:\/\/www.ardent-group.com\/fr\/wp-json\/wp\/v2\/pages\/507\/revisions"}],"predecessor-version":[{"id":2386,"href":"https:\/\/www.ardent-group.com\/fr\/wp-json\/wp\/v2\/pages\/507\/revisions\/2386"}],"wp:featuredmedia":[{"embeddable":true,"href":"https:\/\/www.ardent-group.com\/fr\/wp-json\/wp\/v2\/media\/2241"}],"wp:attachment":[{"href":"https:\/\/www.ardent-group.com\/fr\/wp-json\/wp\/v2\/media?parent=507"}],"curies":[{"name":"wp","href":"https:\/\/api.w.org\/{rel}","templated":true}]}}