{"id":513,"date":"2021-06-24T14:32:21","date_gmt":"2021-06-24T12:32:21","guid":{"rendered":"https:\/\/www.ardent-group.com\/our-engagements\/"},"modified":"2022-02-03T09:29:14","modified_gmt":"2022-02-03T08:29:14","slug":"engagements","status":"publish","type":"page","link":"https:\/\/www.ardent-group.com\/fr\/engagements\/","title":{"rendered":"Un groupe <span>engag\u00e9 et responsable<\/span>"},"content":{"rendered":"<p>Port\u00e9s par des valeurs fortes, <strong>Ardent Group<\/strong> place l\u2019humain au c\u0153ur de ses actions et de ses engagements. Au travers de ses multiples activit\u00e9s, le groupe s\u2019investit au quotidien pour d\u00e9velopper des projets qui lui tiennent \u00e0 c\u0153ur, soutenir des initiatives locales et devenir un v\u00e9ritable acteur du changement.<\/p>\n","protected":false},"excerpt":{"rendered":"<p>Port\u00e9s par des valeurs fortes, Ardent Group place l\u2019humain au c\u0153ur de ses actions et de ses engagements. Au travers [&hellip;]<\/p>\n","protected":false},"author":1,"featured_media":1000,"parent":0,"menu_order":50,"comment_status":"closed","ping_status":"closed","template":"","meta":{"_acf_changed":false,"footnotes":""},"class_list":["post-513","page","type-page","status-publish","has-post-thumbnail","hentry"],"acf":[],"_links":{"self":[{"href":"https:\/\/www.ardent-group.com\/fr\/wp-json\/wp\/v2\/pages\/513","targetHints":{"allow":["GET"]}}],"collection":[{"href":"https:\/\/www.ardent-group.com\/fr\/wp-json\/wp\/v2\/pages"}],"about":[{"href":"https:\/\/www.ardent-group.com\/fr\/wp-json\/wp\/v2\/types\/page"}],"author":[{"embeddable":true,"href":"https:\/\/www.ardent-group.com\/fr\/wp-json\/wp\/v2\/users\/1"}],"replies":[{"embeddable":true,"href":"https:\/\/www.ardent-group.com\/fr\/wp-json\/wp\/v2\/comments?post=513"}],"version-history":[{"count":1,"href":"https:\/\/www.ardent-group.com\/fr\/wp-json\/wp\/v2\/pages\/513\/revisions"}],"predecessor-version":[{"id":1134,"href":"https:\/\/www.ardent-group.com\/fr\/wp-json\/wp\/v2\/pages\/513\/revisions\/1134"}],"wp:featuredmedia":[{"embeddable":true,"href":"https:\/\/www.ardent-group.com\/fr\/wp-json\/wp\/v2\/media\/1000"}],"wp:attachment":[{"href":"https:\/\/www.ardent-group.com\/fr\/wp-json\/wp\/v2\/media?parent=513"}],"curies":[{"name":"wp","href":"https:\/\/api.w.org\/{rel}","templated":true}]}}